{"id":1042,"date":"2019-04-07T21:27:12","date_gmt":"2019-04-07T21:27:12","guid":{"rendered":"https:\/\/vina-petrovecki.hr\/proizvod\/vino-cabernet-sauvignon-075l-suho-butelja\/"},"modified":"2026-01-18T11:13:59","modified_gmt":"2026-01-18T10:13:59","slug":"vino-cabernet-sauvignon-075l-suho-butelja","status":"publish","type":"product","link":"https:\/\/vina-petrovecki.hr\/en\/product\/vino-cabernet-sauvignon-075l-suho-butelja\/","title":{"rendered":"Cabernet Sauvignon 0.75l \u2013 dry, bottle"},"content":{"rendered":"<p>Elegant and very pleasant, soft and drinkable wine. Intense ruby color, complex berry aromas.<\/p>","protected":false},"excerpt":{"rendered":"<p>Elegant and very pleasant, soft and drinkable wine. Intense ruby color, complex berry aromas.<\/p>","protected":false},"featured_media":4689,"comment_status":"open","ping_status":"closed","template":"","meta":[],"product_brand":[],"product_cat":[20],"product_tag":[],"class_list":{"0":"post-1042","1":"product","2":"type-product","3":"status-publish","4":"has-post-thumbnail","6":"product_cat-butelje","8":"first","9":"instock","10":"featured","11":"taxable","12":"shipping-taxable","13":"purchasable","14":"product-type-simple"},"yoast_head":"<!-- This site is optimized with the Yoast SEO plugin v26.7 - https:\/\/yoast.com\/wordpress\/plugins\/seo\/ -->\n<title>Cabernet Sauvignon 0,75l - suho, butelja - Vina Petrove\u010dki<\/title>\n<meta name=\"robots\" content=\"index, follow, max-snippet:-1, max-image-preview:large, max-video-preview:-1\" \/>\n<link rel=\"canonical\" href=\"https:\/\/vina-petrovecki.hr\/en\/product\/vino-cabernet-sauvignon-075l-suho-butelja\/\" \/>\n<meta property=\"og:locale\" content=\"en_GB\" \/>\n<meta property=\"og:type\" content=\"article\" \/>\n<meta property=\"og:title\" content=\"Cabernet Sauvignon 0,75l - suho, butelja - Vina Petrove\u010dki\" \/>\n<meta property=\"og:description\" content=\"Elegantno i vrlo ugodno, mekano i pitko vino. Intenzivne boje rubina, kompleksnih aroma na bobi\u010dasto vo\u0107e.\" \/>\n<meta property=\"og:url\" content=\"https:\/\/vina-petrovecki.hr\/en\/product\/vino-cabernet-sauvignon-075l-suho-butelja\/\" \/>\n<meta property=\"og:site_name\" content=\"Vina Petrove\u010dki\" \/>\n<meta property=\"article:publisher\" content=\"https:\/\/www.facebook.com\/vina.petrovecki\" \/>\n<meta property=\"article:modified_time\" content=\"2026-01-18T10:13:59+00:00\" \/>\n<meta property=\"og:image\" content=\"https:\/\/vina-petrovecki.hr\/wp-content\/uploads\/2019\/04\/cabernet-1-1.jpg\" \/>\n\t<meta property=\"og:image:width\" content=\"2500\" \/>\n\t<meta property=\"og:image:height\" content=\"2500\" \/>\n\t<meta property=\"og:image:type\" content=\"image\/jpeg\" \/>\n<meta name=\"twitter:card\" content=\"summary_large_image\" \/>\n<meta name=\"twitter:label1\" content=\"Estimated reading time\" \/>\n\t<meta name=\"twitter:data1\" content=\"1 minute\" \/>\n<script type=\"application\/ld+json\" class=\"yoast-schema-graph\">{\"@context\":\"https:\/\/schema.org\",\"@graph\":[{\"@type\":\"WebPage\",\"@id\":\"https:\/\/vina-petrovecki.hr\/proizvod\/vino-cabernet-sauvignon-075l-suho-butelja\/\",\"url\":\"https:\/\/vina-petrovecki.hr\/proizvod\/vino-cabernet-sauvignon-075l-suho-butelja\/\",\"name\":\"Cabernet Sauvignon 0,75l - suho, butelja - Vina Petrove\u010dki\",\"isPartOf\":{\"@id\":\"https:\/\/vina-petrovecki.hr\/#website\"},\"primaryImageOfPage\":{\"@id\":\"https:\/\/vina-petrovecki.hr\/proizvod\/vino-cabernet-sauvignon-075l-suho-butelja\/#primaryimage\"},\"image\":{\"@id\":\"https:\/\/vina-petrovecki.hr\/proizvod\/vino-cabernet-sauvignon-075l-suho-butelja\/#primaryimage\"},\"thumbnailUrl\":\"https:\/\/vina-petrovecki.hr\/wp-content\/uploads\/2019\/04\/cabernet-1-1.jpg\",\"datePublished\":\"2019-04-07T21:27:12+00:00\",\"dateModified\":\"2026-01-18T10:13:59+00:00\",\"breadcrumb\":{\"@id\":\"https:\/\/vina-petrovecki.hr\/proizvod\/vino-cabernet-sauvignon-075l-suho-butelja\/#breadcrumb\"},\"inLanguage\":\"en-GB\",\"potentialAction\":[{\"@type\":\"ReadAction\",\"target\":[\"https:\/\/vina-petrovecki.hr\/proizvod\/vino-cabernet-sauvignon-075l-suho-butelja\/\"]}]},{\"@type\":\"ImageObject\",\"inLanguage\":\"en-GB\",\"@id\":\"https:\/\/vina-petrovecki.hr\/proizvod\/vino-cabernet-sauvignon-075l-suho-butelja\/#primaryimage\",\"url\":\"https:\/\/vina-petrovecki.hr\/wp-content\/uploads\/2019\/04\/cabernet-1-1.jpg\",\"contentUrl\":\"https:\/\/vina-petrovecki.hr\/wp-content\/uploads\/2019\/04\/cabernet-1-1.jpg\",\"width\":2500,\"height\":2500},{\"@type\":\"BreadcrumbList\",\"@id\":\"https:\/\/vina-petrovecki.hr\/proizvod\/vino-cabernet-sauvignon-075l-suho-butelja\/#breadcrumb\",\"itemListElement\":[{\"@type\":\"ListItem\",\"position\":1,\"name\":\"Po\u010detna stranica\",\"item\":\"https:\/\/vina-petrovecki.hr\/\"},{\"@type\":\"ListItem\",\"position\":2,\"name\":\"Trgovina\",\"item\":\"https:\/\/vina-petrovecki.hr\/trgovina\/\"},{\"@type\":\"ListItem\",\"position\":3,\"name\":\"Cabernet Sauvignon 0,75l &#8211; suho, butelja\"}]},{\"@type\":\"WebSite\",\"@id\":\"https:\/\/vina-petrovecki.hr\/#website\",\"url\":\"https:\/\/vina-petrovecki.hr\/\",\"name\":\"Vina Petrove\u010dki\",\"description\":\"Kvalitetna vina i rakije iz Hrvatskog zagorja...\",\"publisher\":{\"@id\":\"https:\/\/vina-petrovecki.hr\/#organization\"},\"potentialAction\":[{\"@type\":\"SearchAction\",\"target\":{\"@type\":\"EntryPoint\",\"urlTemplate\":\"https:\/\/vina-petrovecki.hr\/?s={search_term_string}\"},\"query-input\":{\"@type\":\"PropertyValueSpecification\",\"valueRequired\":true,\"valueName\":\"search_term_string\"}}],\"inLanguage\":\"en-GB\"},{\"@type\":\"Organization\",\"@id\":\"https:\/\/vina-petrovecki.hr\/#organization\",\"name\":\"Vina Petrove\u010dki\",\"url\":\"https:\/\/vina-petrovecki.hr\/\",\"logo\":{\"@type\":\"ImageObject\",\"inLanguage\":\"en-GB\",\"@id\":\"https:\/\/vina-petrovecki.hr\/#\/schema\/logo\/image\/\",\"url\":\"https:\/\/vina-petrovecki.hr\/wp-content\/uploads\/2021\/12\/logo-vina-petrovecki-2022-bg-final-01-01.png\",\"contentUrl\":\"https:\/\/vina-petrovecki.hr\/wp-content\/uploads\/2021\/12\/logo-vina-petrovecki-2022-bg-final-01-01.png\",\"width\":3002,\"height\":709,\"caption\":\"Vina Petrove\u010dki\"},\"image\":{\"@id\":\"https:\/\/vina-petrovecki.hr\/#\/schema\/logo\/image\/\"},\"sameAs\":[\"https:\/\/www.facebook.com\/vina.petrovecki\"]}]}<\/script>\n<!-- \/ Yoast SEO plugin. -->","yoast_head_json":{"title":"Cabernet Sauvignon 0,75l - suho, butelja - Vina Petrove\u010dki","robots":{"index":"index","follow":"follow","max-snippet":"max-snippet:-1","max-image-preview":"max-image-preview:large","max-video-preview":"max-video-preview:-1"},"canonical":"https:\/\/vina-petrovecki.hr\/en\/product\/vino-cabernet-sauvignon-075l-suho-butelja\/","og_locale":"en_GB","og_type":"article","og_title":"Cabernet Sauvignon 0,75l - suho, butelja - Vina Petrove\u010dki","og_description":"Elegantno i vrlo ugodno, mekano i pitko vino. Intenzivne boje rubina, kompleksnih aroma na bobi\u010dasto vo\u0107e.","og_url":"https:\/\/vina-petrovecki.hr\/en\/product\/vino-cabernet-sauvignon-075l-suho-butelja\/","og_site_name":"Vina Petrove\u010dki","article_publisher":"https:\/\/www.facebook.com\/vina.petrovecki","article_modified_time":"2026-01-18T10:13:59+00:00","og_image":[{"width":2500,"height":2500,"url":"https:\/\/vina-petrovecki.hr\/wp-content\/uploads\/2019\/04\/cabernet-1-1.jpg","type":"image\/jpeg"}],"twitter_card":"summary_large_image","twitter_misc":{"Estimated reading time":"1 minute"},"schema":{"@context":"https:\/\/schema.org","@graph":[{"@type":"WebPage","@id":"https:\/\/vina-petrovecki.hr\/proizvod\/vino-cabernet-sauvignon-075l-suho-butelja\/","url":"https:\/\/vina-petrovecki.hr\/proizvod\/vino-cabernet-sauvignon-075l-suho-butelja\/","name":"Cabernet Sauvignon 0,75l - suho, butelja - Vina Petrove\u010dki","isPartOf":{"@id":"https:\/\/vina-petrovecki.hr\/#website"},"primaryImageOfPage":{"@id":"https:\/\/vina-petrovecki.hr\/proizvod\/vino-cabernet-sauvignon-075l-suho-butelja\/#primaryimage"},"image":{"@id":"https:\/\/vina-petrovecki.hr\/proizvod\/vino-cabernet-sauvignon-075l-suho-butelja\/#primaryimage"},"thumbnailUrl":"https:\/\/vina-petrovecki.hr\/wp-content\/uploads\/2019\/04\/cabernet-1-1.jpg","datePublished":"2019-04-07T21:27:12+00:00","dateModified":"2026-01-18T10:13:59+00:00","breadcrumb":{"@id":"https:\/\/vina-petrovecki.hr\/proizvod\/vino-cabernet-sauvignon-075l-suho-butelja\/#breadcrumb"},"inLanguage":"en-GB","potentialAction":[{"@type":"ReadAction","target":["https:\/\/vina-petrovecki.hr\/proizvod\/vino-cabernet-sauvignon-075l-suho-butelja\/"]}]},{"@type":"ImageObject","inLanguage":"en-GB","@id":"https:\/\/vina-petrovecki.hr\/proizvod\/vino-cabernet-sauvignon-075l-suho-butelja\/#primaryimage","url":"https:\/\/vina-petrovecki.hr\/wp-content\/uploads\/2019\/04\/cabernet-1-1.jpg","contentUrl":"https:\/\/vina-petrovecki.hr\/wp-content\/uploads\/2019\/04\/cabernet-1-1.jpg","width":2500,"height":2500},{"@type":"BreadcrumbList","@id":"https:\/\/vina-petrovecki.hr\/proizvod\/vino-cabernet-sauvignon-075l-suho-butelja\/#breadcrumb","itemListElement":[{"@type":"ListItem","position":1,"name":"Po\u010detna stranica","item":"https:\/\/vina-petrovecki.hr\/"},{"@type":"ListItem","position":2,"name":"Trgovina","item":"https:\/\/vina-petrovecki.hr\/trgovina\/"},{"@type":"ListItem","position":3,"name":"Cabernet Sauvignon 0,75l &#8211; suho, butelja"}]},{"@type":"WebSite","@id":"https:\/\/vina-petrovecki.hr\/#website","url":"https:\/\/vina-petrovecki.hr\/","name":"Vina Petrove\u010dki","description":"Kvalitetna vina i rakije iz Hrvatskog zagorja...","publisher":{"@id":"https:\/\/vina-petrovecki.hr\/#organization"},"potentialAction":[{"@type":"SearchAction","target":{"@type":"EntryPoint","urlTemplate":"https:\/\/vina-petrovecki.hr\/?s={search_term_string}"},"query-input":{"@type":"PropertyValueSpecification","valueRequired":true,"valueName":"search_term_string"}}],"inLanguage":"en-GB"},{"@type":"Organization","@id":"https:\/\/vina-petrovecki.hr\/#organization","name":"Vina Petrove\u010dki","url":"https:\/\/vina-petrovecki.hr\/","logo":{"@type":"ImageObject","inLanguage":"en-GB","@id":"https:\/\/vina-petrovecki.hr\/#\/schema\/logo\/image\/","url":"https:\/\/vina-petrovecki.hr\/wp-content\/uploads\/2021\/12\/logo-vina-petrovecki-2022-bg-final-01-01.png","contentUrl":"https:\/\/vina-petrovecki.hr\/wp-content\/uploads\/2021\/12\/logo-vina-petrovecki-2022-bg-final-01-01.png","width":3002,"height":709,"caption":"Vina Petrove\u010dki"},"image":{"@id":"https:\/\/vina-petrovecki.hr\/#\/schema\/logo\/image\/"},"sameAs":["https:\/\/www.facebook.com\/vina.petrovecki"]}]}},"_links":{"self":[{"href":"https:\/\/vina-petrovecki.hr\/en\/wp-json\/wp\/v2\/product\/1042","targetHints":{"allow":["GET"]}}],"collection":[{"href":"https:\/\/vina-petrovecki.hr\/en\/wp-json\/wp\/v2\/product"}],"about":[{"href":"https:\/\/vina-petrovecki.hr\/en\/wp-json\/wp\/v2\/types\/product"}],"replies":[{"embeddable":true,"href":"https:\/\/vina-petrovecki.hr\/en\/wp-json\/wp\/v2\/comments?post=1042"}],"wp:featuredmedia":[{"embeddable":true,"href":"https:\/\/vina-petrovecki.hr\/en\/wp-json\/wp\/v2\/media\/4689"}],"wp:attachment":[{"href":"https:\/\/vina-petrovecki.hr\/en\/wp-json\/wp\/v2\/media?parent=1042"}],"wp:term":[{"taxonomy":"product_brand","embeddable":true,"href":"https:\/\/vina-petrovecki.hr\/en\/wp-json\/wp\/v2\/product_brand?post=1042"},{"taxonomy":"product_cat","embeddable":true,"href":"https:\/\/vina-petrovecki.hr\/en\/wp-json\/wp\/v2\/product_cat?post=1042"},{"taxonomy":"product_tag","embeddable":true,"href":"https:\/\/vina-petrovecki.hr\/en\/wp-json\/wp\/v2\/product_tag?post=1042"}],"curies":[{"name":"wp","href":"https:\/\/api.w.org\/{rel}","templated":true}]}}